{"id":188,"date":"2022-01-11T13:22:59","date_gmt":"2022-01-11T13:22:59","guid":{"rendered":"https:\/\/rad.chem.msu.ru\/wordpress\/?page_id=188"},"modified":"2022-03-27T14:37:31","modified_gmt":"2022-03-27T11:37:31","slug":"%d0%b7%d0%b5%d0%b7%d0%b8%d0%bd%d0%b0-%d0%b5%d0%bb%d0%b5%d0%bd%d0%b0-%d0%b0%d0%bd%d0%b0%d1%82%d0%be%d0%bb%d1%8c%d0%b5%d0%b2%d0%bd%d0%b0","status":"publish","type":"page","link":"https:\/\/rad.chem.msu.ru\/wordpress\/?page_id=188","title":{"rendered":"\u0417\u0435\u0437\u0438\u043d\u0430 \u0415\u043b\u0435\u043d\u0430 \u0410\u043d\u0430\u0442\u043e\u043b\u044c\u0435\u0432\u043d\u0430"},"content":{"rendered":"\n<div class=\"wp-block-columns is-layout-flex wp-container-core-columns-is-layout-28f84493 wp-block-columns-is-layout-flex\">\n<div class=\"wp-block-column is-layout-flow wp-block-column-is-layout-flow\">\n<figure class=\"wp-block-image size-full\"><img loading=\"lazy\" decoding=\"async\" width=\"264\" height=\"400\" src=\"https:\/\/rad.chem.msu.ru\/wordpress\/wp-content\/uploads\/2022\/01\/zezina.jpg\" alt=\"\" class=\"wp-image-186\" srcset=\"https:\/\/rad.chem.msu.ru\/wordpress\/wp-content\/uploads\/2022\/01\/zezina.jpg 264w, https:\/\/rad.chem.msu.ru\/wordpress\/wp-content\/uploads\/2022\/01\/zezina-198x300.jpg 198w\" sizes=\"auto, (max-width: 264px) 100vw, 264px\" \/><\/figure>\n<\/div>\n\n\n\n<div class=\"wp-block-column is-layout-flow wp-block-column-is-layout-flow\">\n<p><strong>\u043a.\u0445.\u043d.,<\/strong> \u043d<strong>\u0430\u0443\u0447\u043d\u044b\u0439 \u0441\u043e\u0442\u0440\u0443\u0434\u043d\u0438\u043a<\/strong><\/p>\n\n\n\n<p><a href=\"http:\/\/www.scopus.com\/inward\/authorDetails.url?authorID=7005731267&amp;partnerID=MN8TOARS\" target=\"_blank\" rel=\"noreferrer noopener\">Scopus Author ID: 9036326500<\/a><\/p>\n\n\n\n<p>WOS Research ID AAO-1803-2020<\/p>\n\n\n\n<p>ID \u0420\u0418\u041d\u0426&nbsp; 9388-9433<\/p>\n\n\n\n<p><a href=\"https:\/\/istina.msu.ru\/profile\/Elena_A_Zezina\/\">https:\/\/istina.msu.ru\/profile\/Elena_A_Zezina\/<\/a><\/p>\n\n\n\n<p><br><\/p>\n\n\n\n<p><br><\/p>\n<\/div>\n<\/div>\n\n\n\n<p><strong>\u041e\u0431\u0440\u0430\u0437\u043e\u0432\u0430\u043d\u0438\u0435:<\/strong><\/p>\n\n\n\n<p>\u0425\u0438\u043c\u0438\u0447\u0435\u0441\u043a\u0438\u0439 \u0444\u0430\u043a\u0443\u043b\u044c\u0442\u0435\u0442 \u0412\u043e\u0440\u043e\u043d\u0435\u0436\u0441\u043a\u043e\u0433\u043e \u0413\u043e\u0441\u0443\u0434\u0430\u0440\u0441\u0442\u0432\u0435\u043d\u043d\u043e\u0433\u043e \u0443\u043d\u0438\u0432\u0435\u0440\u0441\u0438\u0442\u0435\u0442\u0430 \u0438\u043c. \u041b\u0435\u043d\u0438\u043d\u0441\u043a\u043e\u0433\u043e \u041a\u043e\u043c\u0441\u043e\u043c\u043e\u043b\u0430 (1988\u0433., \u0441 \u043e\u0442\u043b\u0438\u0447\u0438\u0435\u043c), \u0430\u0441\u043f\u0438\u0440\u0430\u043d\u0442\u0443\u0440\u0430 \u0432 \u041d\u0430\u0443\u0447\u043d\u043e-\u0438\u0441\u0441\u043b\u0435\u0434\u043e\u0432\u0430\u0442\u0435\u043b\u044c\u0441\u043a\u043e\u043c \u0444\u0438\u0437\u0438\u043a\u043e-\u0445\u0438\u043c\u0438\u0447\u0435\u0441\u043a\u043e\u043c \u0438\u043d\u0441\u0442\u0438\u0442\u0443\u0442\u0435 \u0438\u043c. \u041b.\u042f. \u041a\u0430\u0440\u043f\u043e\u0432\u0430 (\u0433. \u041c\u043e\u0441\u043a\u0432\u0430) \u043f\u043e \u0441\u043f\u0435\u0446\u0438\u0430\u043b\u044c\u043d\u043e\u0441\u0442\u0438 &#8220;\u043c\u0435\u043c\u0431\u0440\u0430\u043d\u044b \u0438 \u043c\u0435\u043c\u0431\u0440\u0430\u043d\u043d\u044b\u0435 \u0442\u0435\u0445\u043d\u043e\u043b\u043e\u0433\u0438\u0438&#8221; (1989- 1992\u0433.)<br><br><strong>\u041e\u043f\u044b\u0442 \u0440\u0430\u0431\u043e\u0442\u044b:<\/strong><\/p>\n\n\n\n<p>\u041d\u0418\u0424\u0425\u0418 \u0438\u043c. \u041b.\u042f. \u041a\u0430\u0440\u043f\u043e\u0432\u0430<br>\u043c.\u043d.\u0441. 1991 &#8211; 1998\u0433.\u0433.<br>\u043d.\u0441. 1998 &#8211; 2007\u0433.\u0433<br>\u0425\u0438\u043c\u0438\u0447\u0435\u0441\u043a\u0438\u0439 \u0444\u0430\u043a\u0443\u043b\u044c\u0442\u0435\u0442 \u041c\u0413\u0423 \u0438\u043c. \u041c.\u0412. \u041b\u043e\u043c\u043e\u043d\u043e\u0441\u043e\u0432\u0430 2007-\u043d\u0430\u0441\u0442\u043e\u044f\u0449\u0435\u0435 \u0432\u0440\u0435\u043c\u044f<br><br><strong>\u0421\u0442\u0435\u043f\u0435\u043d\u0438, \u0437\u0432\u0430\u043d\u0438\u044f:<\/strong><\/p>\n\n\n\n<p>\u041a\u0430\u043d\u0434\u0438\u0434\u0430\u0442 \u0445\u0438\u043c\u0438\u0447\u0435\u0441\u043a\u0438\u0445 \u043d\u0430\u0443\u043a (\u041d\u0418\u0424\u0425\u0418 \u0438\u043c. \u041b.\u042f. \u041a\u0430\u0440\u043f\u043e\u0432\u0430, 21 \u043d\u043e\u044f\u0431\u0440\u044f 1997 \u0433.)<br><br><strong>\u041f\u0435\u0434\u0430\u0433\u043e\u0433\u0438\u0447\u0435\u0441\u043a\u0430\u044f \u0434\u0435\u044f\u0442\u0435\u043b\u044c\u043d\u043e\u0441\u0442\u044c:<\/strong><\/p>\n\n\n\n<p>\u0420\u0443\u043a\u043e\u0432\u043e\u0434\u0441\u0442\u0432\u043e \u0434\u0438\u043f\u043b\u043e\u043c\u043d\u044b\u043c\u0438 \u0438 \u043a\u0443\u0440\u0441\u043e\u0432\u044b\u043c\u0438 \u0440\u0430\u0431\u043e\u0442\u0430\u043c\u0438<br><br><strong>\u041e\u0441\u043d\u043e\u0432\u043d\u044b\u0435 \u043e\u0431\u043b\u0430\u0441\u0442\u0438 \u043d\u0430\u0443\u0447\u043d\u043e\u0439 \u0440\u0430\u0431\u043e\u0442\u044b:<\/strong><\/p>\n\n\n\n<p>\u0420\u0430\u0434\u0438\u0430\u0446\u0438\u043e\u043d\u043d\u0430\u044f \u0445\u0438\u043c\u0438\u044f, \u043f\u043e\u043b\u0438\u044d\u043b\u0435\u043a\u0442\u0440\u043e\u043b\u0438\u0442\u043d\u044b\u0435 \u043f\u043b\u0451\u043d\u043a\u0438, \u043d\u0430\u043d\u043e\u0447\u0430\u0441\u0442\u0438\u0446\u044b \u043c\u0435\u0442\u0430\u043b\u043b\u043e\u0432<br><br><br><strong>\u041d\u0435\u043a\u043e\u0442\u043e\u0440\u044b\u0435 \u043a\u043b\u044e\u0447\u0435\u0432\u044b\u0435 \u043f\u0443\u0431\u043b\u0438\u043a\u0430\u0446\u0438\u0438 \u0437\u0430 \u043f\u043e\u0441\u043b\u0435\u0434\u043d\u0438\u0435 \u0433\u043e\u0434\u044b:<\/strong><\/p>\n\n\n\n<ul class=\"wp-block-list\" type=\"1\"><li><a href=\"https:\/\/www.sciencedirect.com\/science\/article\/pii\/S221503822200019X#!\">Alexey A. Zharikov<\/a>, Rodion A. Vinogradov,<a href=\"https:\/\/www.sciencedirect.com\/science\/article\/pii\/S221503822200019X#!\">Elena A. Zezina, <\/a><a href=\"https:\/\/www.sciencedirect.com\/science\/article\/pii\/S221503822200019X#!\">Alexander S. Pozdnyakov,<\/a>&nbsp; <a href=\"https:\/\/www.sciencedirect.com\/science\/article\/pii\/S221503822200019X#!\">Vladimir I. Feldman,<\/a> Alexandr L. Vasiliev, <a href=\"https:\/\/www.sciencedirect.com\/science\/article\/pii\/S221503822200019X#!\">Alexey A.Zezin. <\/a><a href=\"https:\/\/scholar.google.ru\/scholar?oi=bibs&amp;cluster=558450091192651659&amp;btnI=1&amp;hl=en\">The radiation-induced preparation of ultrasmall gold nanoparticles in Au (III) complexes with units of poly (1-vinyl-1, 2, 4-triazole) and poly (1-vinyl-1, 2, 4-triazole)\u2013poly (acrylic acid)<\/a>. Colloid and Interface Science Communications 2022, 47, 100602. <a rel=\"noreferrer noopener\" href=\"https:\/\/doi.org\/10.1016\/j.colcom.2022.100602\" target=\"_blank\">https:\/\/doi.org\/10.1016\/j.colcom.2022.100602<\/a><\/li><li>Alexey A. Zezin, Alexey A. Zharikov, Artem I. Emel\u2019yanov, Alexander S. Pozdnyakov, Galina F. Prozorova, Sergei S. Abramchuk, Elena A.. Zezina. <a href=\"https:\/\/scholar.google.ru\/citations?view_op=view_citation&amp;hl=en&amp;user=4FVlbTIAAAAJ&amp;cstart=20&amp;pagesize=80&amp;citation_for_view=4FVlbTIAAAAJ:M3NEmzRMIkIC\">One-Pot Preparation of Metal\u2013Polymer Nanocomposites in Irradiated Aqueous Solutions of 1-Vinyl-1, 2, 4-triazole and Silver Ions<\/a>. Polymers 2021, 13 (23), 4235. <a href=\"https:\/\/doi.org\/10.3390\/polym13234235\">https:\/\/doi.org\/10.3390\/polym13234235<\/a><\/li><\/ul>\n\n\n\n<ul class=\"wp-block-list\"><li>Deniz E. Da\u011fa\u015f, Gurgen V. Danelyan, Mohammadreza Ghaffarlou, Elena A. Zezina, Sergei S. Abramchuk, Vladimir I. Feldman, Olgun G\u00fcven, Alexey A. Zezin.&nbsp; <a href=\"https:\/\/scholar.google.ru\/citations?view_op=view_citation&amp;hl=en&amp;user=4FVlbTIAAAAJ&amp;cstart=20&amp;pagesize=80&amp;citation_for_view=4FVlbTIAAAAJ:TQgYirikUcIC\">Generation of spatially ordered metal\u2013polymer nanostructures in the irradiated dispersions of poly (acrylic acid)\u2013poly (vinylimidazole)\u2013Cu2+ complexes<\/a>. Colloid and Polymer Science 2020, 298 (2), pp. 193-202. https:\/\/doi.org\/10.1007\/s00396-019-04592-5<\/li><\/ul>\n\n\n\n<ul class=\"wp-block-list\"><li>Dmitry I. Klimov, Elena A. Zezina, Vitali \u0421. Lipik, Sergey S. Abramchuk, Alexander A. Yaroslavov, Vladimir I. Feldman, Andrey V. Sybachin, Vasily V. Spiridonov, Alexey A. Zezin.&nbsp; <a href=\"https:\/\/scholar.google.ru\/citations?view_op=view_citation&amp;hl=en&amp;user=4FVlbTIAAAAJ&amp;citation_for_view=4FVlbTIAAAAJ:hFOr9nPyWt4C\">Radiation-induced preparation of metal nanostructures in coatings of interpolyelectrolyte complexes<\/a>. Radiation Physics and Chemistry 2019, 162, pp. 23-30. <a href=\"https:\/\/doi.org\/10.1016\/j.radphyschem.2019.04.027\" target=\"_blank\" rel=\"noreferrer noopener\">https:\/\/doi.org\/10.1016\/j.radphyschem.2019.04.027<\/a><\/li><\/ul>\n\n\n\n<ul class=\"wp-block-list\"><li>Alexey A. Zezin, Dmitry I. Klimov, Elena A. Zezina, Kristina V. Mkrtchyan, Vladimir I. Feldman. <a href=\"https:\/\/scholar.google.ru\/citations?view_op=view_citation&amp;hl=en&amp;user=4FVlbTIAAAAJ&amp;citation_for_view=4FVlbTIAAAAJ:IWHjjKOFINEC\">Controlled radiation-chemical synthesis of metal polymer nanocomposites in the films of interpolyelectrolyte complexes: Principles, prospects and implications<\/a>.&nbsp; Radiation Physics and Chemistry 2020, 169, 108076. <a href=\"https:\/\/doi.org\/10.1016\/j.radphyschem.2018.11.030\" target=\"_blank\" rel=\"noreferrer noopener\">https:\/\/doi.org\/10.1016\/j.radphyschem.2018.11.030<\/a><\/li><li>A. A. Zezin, V. I. Feldman, S. S. Abramchuk, G. V. Danelyan, V. V. Dyo, F. A. Plamper, A. H. M\u00fcller, D.V. Pergushov. Efficient size control of copper nanoparticles generated in irradiated aqueous solutions of star-shaped polyelectrolyte containers.Phys. Chem. Chem. Phys. 2015, 17, pp. 11490 \u2013 11498.<\/li><li>V. I. Feldman, A. A. Zezin, S. S. Abramchuk, E. A. Zezina. X-ray Induced Formation of Metal Nanoparticles from Interpolyelectrolyte Complexes with Copper and Silver Ions: The Radiation-Chemical Contrast.J. Phys. Chem. C 2013, 117, pp. 7286\u20137293<\/li><\/ul>\n","protected":false},"excerpt":{"rendered":"<p>\u043a.\u0445.\u043d., \u043d\u0430\u0443\u0447\u043d\u044b\u0439 \u0441\u043e\u0442\u0440\u0443\u0434\u043d\u0438\u043a Scopus Author ID: 9036326500 WOS Research ID AAO-1803-2020 ID \u0420\u0418\u041d\u0426&nbsp; 9388-9433 https:\/\/istina.msu.ru\/profile\/Elena_A_Zezina\/ \u041e\u0431\u0440\u0430\u0437\u043e\u0432\u0430\u043d\u0438\u0435: \u0425\u0438\u043c\u0438\u0447\u0435\u0441\u043a\u0438\u0439 \u0444\u0430\u043a\u0443\u043b\u044c\u0442\u0435\u0442 \u0412\u043e\u0440\u043e\u043d\u0435\u0436\u0441\u043a\u043e\u0433\u043e \u0413\u043e\u0441\u0443\u0434\u0430\u0440\u0441\u0442\u0432\u0435\u043d\u043d\u043e\u0433\u043e \u0443\u043d\u0438\u0432\u0435\u0440\u0441\u0438\u0442\u0435\u0442\u0430 \u0438\u043c. \u041b\u0435\u043d\u0438\u043d\u0441\u043a\u043e\u0433\u043e \u041a\u043e\u043c\u0441\u043e\u043c\u043e\u043b\u0430 (1988\u0433., \u0441 \u043e\u0442\u043b\u0438\u0447\u0438\u0435\u043c), \u0430\u0441\u043f\u0438\u0440\u0430\u043d\u0442\u0443\u0440\u0430 \u0432 \u041d\u0430\u0443\u0447\u043d\u043e-\u0438\u0441\u0441\u043b\u0435\u0434\u043e\u0432\u0430\u0442\u0435\u043b\u044c\u0441\u043a\u043e\u043c \u0444\u0438\u0437\u0438\u043a\u043e-\u0445\u0438\u043c\u0438\u0447\u0435\u0441\u043a\u043e\u043c \u0438\u043d\u0441\u0442\u0438\u0442\u0443\u0442\u0435 \u0438\u043c. \u041b.\u042f. \u041a\u0430\u0440\u043f\u043e\u0432\u0430 (\u0433. \u041c\u043e\u0441\u043a\u0432\u0430) \u043f\u043e \u0441\u043f\u0435\u0446\u0438\u0430\u043b\u044c\u043d\u043e\u0441\u0442\u0438 &#8220;\u043c\u0435\u043c\u0431\u0440\u0430\u043d\u044b \u0438 \u043c\u0435\u043c\u0431\u0440\u0430\u043d\u043d\u044b\u0435 \u0442\u0435\u0445\u043d\u043e\u043b\u043e\u0433\u0438\u0438&#8221; (1989- 1992\u0433.) \u041e\u043f\u044b\u0442 \u0440\u0430\u0431\u043e\u0442\u044b: \u041d\u0418\u0424\u0425\u0418 \u0438\u043c. \u041b.\u042f. \u041a\u0430\u0440\u043f\u043e\u0432\u0430\u043c.\u043d.\u0441. 1991 &#8211; 1998\u0433.\u0433.\u043d.\u0441. 1998 [&hellip;]<\/p>\n","protected":false},"author":2,"featured_media":0,"parent":0,"menu_order":0,"comment_status":"closed","ping_status":"closed","template":"","meta":{"footnotes":""},"class_list":["post-188","page","type-page","status-publish","hentry"],"_links":{"self":[{"href":"https:\/\/rad.chem.msu.ru\/wordpress\/index.php?rest_route=\/wp\/v2\/pages\/188","targetHints":{"allow":["GET"]}}],"collection":[{"href":"https:\/\/rad.chem.msu.ru\/wordpress\/index.php?rest_route=\/wp\/v2\/pages"}],"about":[{"href":"https:\/\/rad.chem.msu.ru\/wordpress\/index.php?rest_route=\/wp\/v2\/types\/page"}],"author":[{"embeddable":true,"href":"https:\/\/rad.chem.msu.ru\/wordpress\/index.php?rest_route=\/wp\/v2\/users\/2"}],"replies":[{"embeddable":true,"href":"https:\/\/rad.chem.msu.ru\/wordpress\/index.php?rest_route=%2Fwp%2Fv2%2Fcomments&post=188"}],"version-history":[{"count":4,"href":"https:\/\/rad.chem.msu.ru\/wordpress\/index.php?rest_route=\/wp\/v2\/pages\/188\/revisions"}],"predecessor-version":[{"id":608,"href":"https:\/\/rad.chem.msu.ru\/wordpress\/index.php?rest_route=\/wp\/v2\/pages\/188\/revisions\/608"}],"wp:attachment":[{"href":"https:\/\/rad.chem.msu.ru\/wordpress\/index.php?rest_route=%2Fwp%2Fv2%2Fmedia&parent=188"}],"curies":[{"name":"wp","href":"https:\/\/api.w.org\/{rel}","templated":true}]}}