{"id":333,"date":"2022-03-18T20:39:11","date_gmt":"2022-03-18T20:39:11","guid":{"rendered":"https:\/\/rad.chem.msu.ru\/wordpress\/?page_id=333"},"modified":"2022-03-27T14:41:58","modified_gmt":"2022-03-27T11:41:58","slug":"%d1%80%d0%b0%d0%b4%d0%b8%d0%b0%d1%86%d0%b8%d0%be%d0%bd%d0%bd%d0%be-%d1%85%d0%b8%d0%bc%d0%b8%d1%87%d0%b5%d1%81%d0%ba%d0%b8%d0%b9-%d1%81%d0%b8%d0%bd%d1%82%d0%b5%d0%b7-%d0%bc%d0%b5%d1%82%d0%b0%d0%bb","status":"publish","type":"page","link":"https:\/\/rad.chem.msu.ru\/wordpress\/?page_id=333","title":{"rendered":"\u0420\u0430\u0434\u0438\u0430\u0446\u0438\u043e\u043d\u043d\u043e-\u0445\u0438\u043c\u0438\u0447\u0435\u0441\u043a\u0438\u0439 \u0441\u0438\u043d\u0442\u0435\u0437 \u043c\u0435\u0442\u0430\u043b\u043b-\u043f\u043e\u043b\u0438\u043c\u0435\u0440\u043d\u044b\u0445 \u043d\u0430\u043d\u043e\u043a\u043e\u043c\u043f\u043e\u0437\u0438\u0442\u043e\u0432"},"content":{"rendered":"\n<div class=\"wp-block-columns is-layout-flex wp-container-core-columns-is-layout-28f84493 wp-block-columns-is-layout-flex\">\n<div class=\"wp-block-column is-layout-flow wp-block-column-is-layout-flow\" style=\"flex-basis:33.33%\">\n<figure class=\"wp-block-image size-full\"><img loading=\"lazy\" decoding=\"async\" width=\"640\" height=\"751\" src=\"https:\/\/rad.chem.msu.ru\/wordpress\/wp-content\/uploads\/2021\/12\/research3.gif\" alt=\"\" class=\"wp-image-146\"\/><\/figure>\n<\/div>\n\n\n\n<div class=\"wp-block-column is-layout-flow wp-block-column-is-layout-flow\" style=\"flex-basis:66.66%\">\n<p><strong>\u0412 \u0440\u0430\u043c\u043a\u0430\u0445 \u0434\u0430\u043d\u043d\u043e\u0433\u043e \u043d\u0430\u043f\u0440\u0430\u0432\u043b\u0435\u043d\u0438\u044f \u0440\u0435\u0448\u0430\u0435\u0442\u0441\u044f \u0437\u0430\u0434\u0430\u0447\u0430 \u043e\u0434\u043d\u043e\u0441\u0442\u0430\u0434\u0438\u0439\u043d\u043e\u0433\u043e \u0440\u0430\u0434\u0438\u0430\u0446\u0438\u043e\u043d\u043d\u043e-\u0445\u0438\u043c\u0438\u0447\u0435\u0441\u043a\u043e\u0433\u043e \u0441\u0438\u043d\u0442\u0435\u0437\u0430 \u043f\u0435\u0440\u0441\u043f\u0435\u043a\u0442\u0438\u0432\u043d\u044b\u0445 \u0433\u0438\u0431\u0440\u0438\u0434\u043d\u044b\u0445 \u043d\u0430\u043d\u043e\u043c\u0430\u0442\u0435\u0440\u0438\u0430\u043b\u043e\u0432, \u043a\u043e\u0442\u043e\u0440\u044b\u0435 \u043c\u043e\u0433\u0443\u0442 \u043f\u0440\u0435\u0434\u0441\u0442\u0430\u0432\u043b\u044f\u0442\u044c \u043f\u043e\u0442\u0435\u043d\u0446\u0438\u0430\u043b\u044c\u043d\u044b\u0439 \u0438\u043d\u0442\u0435\u0440\u0435\u0441 \u0434\u043b\u044f \u0440\u0430\u0437\u043b\u0438\u0447\u043d\u044b\u0445 \u043f\u0440\u0438\u043b\u043e\u0436\u0435\u043d\u0438\u0439 (\u0441\u043e\u0437\u0434\u0430\u043d\u0438\u0435 \u0442\u043a\u0430\u043d\u0435\u0439 \u0441 \u0431\u0430\u043a\u0442\u0435\u0440\u0438\u0446\u0438\u0434\u043d\u044b\u043c\u0438 \u0441\u0432\u043e\u0439\u0441\u0442\u0432\u0430\u043c\u0438, \u0441\u0435\u043d\u0441\u043e\u0440\u043e\u0432, \u043e\u043f\u0442\u0438\u0447\u0435\u0441\u043a\u0438\u0445 \u0444\u0438\u043b\u044c\u0442\u0440\u043e\u0432, \u043a\u0430\u0442\u0430\u043b\u0438\u0437\u0430\u0442\u043e\u0440\u043e\u0432). \u041e\u0441\u043d\u043e\u0432\u043d\u043e\u0435 \u0432\u043d\u0438\u043c\u0430\u043d\u0438\u0435 \u0443\u0434\u0435\u043b\u044f\u0435\u0442\u0441\u044f \u0440\u0430\u0437\u0440\u0430\u0431\u043e\u0442\u043a\u0435 \u043d\u043e\u0432\u044b\u0445 \u043f\u0440\u0438\u043d\u0446\u0438\u043f\u043e\u0432 \u0443\u043f\u0440\u0430\u0432\u043b\u0435\u043d\u0438\u044f \u0440\u0430\u0437\u043c\u0435\u0440\u0430\u043c\u0438 \u0438 \u0440\u0430\u0441\u043f\u0440\u0435\u0434\u0435\u043b\u0435\u043d\u0438\u0435\u043c \u043c\u0435\u0442\u0430\u043b\u043b\u0438\u0447\u0435\u0441\u043a\u0438\u0445 \u0438 \u0431\u0438\u043c\u0435\u0442\u0430\u043b\u043b\u0438\u0447\u0435\u0441\u043a\u0438\u0445 \u043d\u0430\u043d\u043e\u0447\u0430\u0441\u0442\u0438\u0446, \u043f\u043e\u043b\u0443\u0447\u0430\u0435\u043c\u044b\u0445 \u043f\u0440\u0438 \u0440\u0430\u0434\u0438\u0430\u0446\u0438\u043e\u043d\u043d\u043e-\u0445\u0438\u043c\u0438\u0447\u0435\u0441\u043a\u043e\u043c \u0432\u043e\u0441\u0441\u0442\u0430\u043d\u043e\u0432\u043b\u0435\u043d\u0438\u0438 \u0438\u043e\u043d\u043e\u0432 \u043c\u0435\u0442\u0430\u043b\u043b\u043e\u0432 \u0432 \u0432\u043e\u0434\u043d\u043e-\u043f\u043e\u043b\u0438\u043c\u0435\u0440\u043d\u044b\u0445 \u0441\u0438\u0441\u0442\u0435\u043c\u0430\u0445. \u0412 \u0438\u0441\u0441\u043b\u0435\u0434\u043e\u0432\u0430\u043d\u0438\u044f\u0445 \u0438\u0441\u043f\u043e\u043b\u044c\u0437\u0443\u044e\u0442\u0441\u044f \u0441\u043e\u0432\u0440\u0435\u043c\u0435\u043d\u043d\u044b\u0435 \u0441\u0442\u0440\u0443\u043a\u0442\u0443\u0440\u043d\u044b\u0435 \u043c\u0435\u0442\u043e\u0434\u044b (\u044d\u043b\u0435\u043a\u0442\u0440\u043e\u043d\u043d\u0430\u044f \u043c\u0438\u043a\u0440\u043e\u0441\u043a\u043e\u043f\u0438\u044f, \u0440\u0435\u043d\u0442\u0433\u0435\u043d\u043e\u0441\u0442\u0440\u0443\u043a\u0442\u0443\u0440\u043d\u044b\u0439 \u0430\u043d\u0430\u043b\u0438\u0437), \u0430 \u0442\u0430\u043a\u0436\u0435 \u043c\u0435\u0442\u043e\u0434\u044b \u0438\u0441\u0441\u043b\u0435\u0434\u043e\u0432\u0430\u043d\u0438\u044f \u043a\u0438\u043d\u0435\u0442\u0438\u043a\u0438 \u0440\u0430\u0434\u0438\u0430\u0446\u0438\u043e\u043d\u043d\u043e-\u0445\u0438\u043c\u0438\u0447\u0435\u0441\u043a\u0438\u0445 \u043f\u0440\u043e\u0446\u0435\u0441\u0441\u043e\u0432 (\u044d\u043b\u0435\u043a\u0442\u0440\u043e\u043d\u043d\u0430\u044f \u0441\u043f\u0435\u043a\u0442\u0440\u043e\u0441\u043a\u043e\u043f\u0438\u044f \u043f\u043e\u0433\u043b\u043e\u0449\u0435\u043d\u0438\u044f \u0438 \u042d\u041f\u0420).<\/strong><\/p>\n<\/div>\n<\/div>\n\n\n\n<p><strong>\u0418\u043b\u043b\u044e\u0441\u0442\u0440\u0430\u0442\u0438\u0432\u043d\u044b\u0435 \u043f\u0443\u0431\u043b\u0438\u043a\u0430\u0446\u0438\u0438:<\/strong><\/p>\n\n\n\n<p>Zezin, A.A., Klimov, D.I., Zezina, E.A., Mkrtchyan, K.V., Feldman, V.I.<strong> Controlled radiation-chemical synthesis of metal polymer nanocomposites in the films of interpolyelectrolyte complexes: Principles, prospects and implications <\/strong>\/\/ Radiation Physics and Chemistry, 2020, 169, 108076. DOI: <a href=\"http:\/\/doi.org\/10.1016\/j.radphyschem.2018.11.030\">10.1016\/j.radphyschem.2018.11.030<\/a>Da\u011fa\u015f, D.E., Danelyan, G.V., Ghaffarlou, M., Zezina, E.A., Abramchuk, S.S., Feldman, V.I., G\u00fcven, O., Zezin, A.A.<strong> Generation of spatially ordered metal\u2013polymer nanostructures in the irradiated dispersions of poly(acrylic acid)\u2013poly(vinylimidazole)\u2013Cu2+ complexes<\/strong> \/\/ Colloid and Polymer Science, 2020, 298 (2), 193-202. DOI: <a href=\"http:\/\/doi.org\/10.1007\/s00396-019-04592-5\">10.1007\/s00396-019-04592-5<\/a>Klimov, D.I., Zezina, E.A., Lipik, V.\u0421., Abramchuk, S.S., Yaroslavov, A.A., Feldman, V.I., Sybachin, A.V., Spiridonov, V.V., Zezin, A.A.<strong> Radiation-induced preparation of metal nanostructures in coatings of interpolyelectrolyte complexes<\/strong> \/\/ Radiation Physics and Chemistry, 2019, 162, 23-30. DOI: <a href=\"http:\/\/doi.org\/10.1016\/j.radphyschem.2019.04.027\">10.1016\/j.radphyschem.2019.04.027<\/a>Zezina, E.A., Emel&#8217;yanov, A.I., Pozdnyakov, A.S., Prozorova, G.F., Abramchuk, S.S., Feldman, V.I., Zezin, A.A. <strong>Radiation-induced synthesis of copper nanostructures in the films of interpolymer complexes<\/strong> \/\/ Radiation Physics and Chemistry, 2019, 158, 115-121. DOI: <a href=\"http:\/\/doi.org\/10.1016\/j.radphyschem.2019.01.019\">10.1016\/j.radphyschem.2019.01.019<\/a>Zezin, A.A., Emel&#8217;yanov, A.I., Prozorova, G.F., Zezina, E.A., Feldman, V.I., Abramchuk, S.S., Pozdnyakov, A.S. <strong>A one-pot radiation-chemical synthesis of metal-polymeric nanohybrides in solutions of vinyltriazole containing gold ions<\/strong> \/\/ Mendeleev Communications, 2019, 29 (2), 158-159. DOI: <a href=\"http:\/\/doi.org\/10.1016\/j.mencom.2019.03.013\">10.1016\/j.mencom.2019.03.013<\/a>Klimov, D.I., Zezina, E.A., Zezin, S.B., Yang, M., Wang, F., Shvedunov, V.I., Feldman, V.I., Zezin, A.A.<strong> Radiation-induced preparation of bimetallic nanoparticles in the films of interpolyelectrolyte complexes<\/strong> \/\/ Radiation Physics and Chemistry, 2018, 142, 65-69. DOI: <a href=\"http:\/\/doi.org\/10.1016\/j.radphyschem.2017.02.034\">10.1016\/j.radphyschem.2017.02.034<\/a>Zezin, A.A., Feldman, V.I., Abramchuk, S.S., Danelyan, G.V., Dyo, V.V., Plamper, F.A., M\u00fcller, A.H.E., Pergushov, D.V. <strong>Efficient size control of copper nanoparticles generated in irradiated aqueous solutions of star-shaped polyelectrolyte containers<\/strong> \/\/ Physical Chemistry Chemical Physics, 2015, 17 (17), 11490-11498. DOI: <a href=\"http:\/\/doi.org\/10.1039\/c5cp00269a\">10.1039\/c5cp00269a<\/a><\/p>\n","protected":false},"excerpt":{"rendered":"<p>\u0412 \u0440\u0430\u043c\u043a\u0430\u0445 \u0434\u0430\u043d\u043d\u043e\u0433\u043e \u043d\u0430\u043f\u0440\u0430\u0432\u043b\u0435\u043d\u0438\u044f \u0440\u0435\u0448\u0430\u0435\u0442\u0441\u044f \u0437\u0430\u0434\u0430\u0447\u0430 \u043e\u0434\u043d\u043e\u0441\u0442\u0430\u0434\u0438\u0439\u043d\u043e\u0433\u043e \u0440\u0430\u0434\u0438\u0430\u0446\u0438\u043e\u043d\u043d\u043e-\u0445\u0438\u043c\u0438\u0447\u0435\u0441\u043a\u043e\u0433\u043e \u0441\u0438\u043d\u0442\u0435\u0437\u0430 \u043f\u0435\u0440\u0441\u043f\u0435\u043a\u0442\u0438\u0432\u043d\u044b\u0445 \u0433\u0438\u0431\u0440\u0438\u0434\u043d\u044b\u0445 \u043d\u0430\u043d\u043e\u043c\u0430\u0442\u0435\u0440\u0438\u0430\u043b\u043e\u0432, \u043a\u043e\u0442\u043e\u0440\u044b\u0435 \u043c\u043e\u0433\u0443\u0442 \u043f\u0440\u0435\u0434\u0441\u0442\u0430\u0432\u043b\u044f\u0442\u044c \u043f\u043e\u0442\u0435\u043d\u0446\u0438\u0430\u043b\u044c\u043d\u044b\u0439 \u0438\u043d\u0442\u0435\u0440\u0435\u0441 \u0434\u043b\u044f \u0440\u0430\u0437\u043b\u0438\u0447\u043d\u044b\u0445 \u043f\u0440\u0438\u043b\u043e\u0436\u0435\u043d\u0438\u0439 (\u0441\u043e\u0437\u0434\u0430\u043d\u0438\u0435 \u0442\u043a\u0430\u043d\u0435\u0439 \u0441 \u0431\u0430\u043a\u0442\u0435\u0440\u0438\u0446\u0438\u0434\u043d\u044b\u043c\u0438 \u0441\u0432\u043e\u0439\u0441\u0442\u0432\u0430\u043c\u0438, \u0441\u0435\u043d\u0441\u043e\u0440\u043e\u0432, \u043e\u043f\u0442\u0438\u0447\u0435\u0441\u043a\u0438\u0445 \u0444\u0438\u043b\u044c\u0442\u0440\u043e\u0432, \u043a\u0430\u0442\u0430\u043b\u0438\u0437\u0430\u0442\u043e\u0440\u043e\u0432). \u041e\u0441\u043d\u043e\u0432\u043d\u043e\u0435 \u0432\u043d\u0438\u043c\u0430\u043d\u0438\u0435 \u0443\u0434\u0435\u043b\u044f\u0435\u0442\u0441\u044f \u0440\u0430\u0437\u0440\u0430\u0431\u043e\u0442\u043a\u0435 \u043d\u043e\u0432\u044b\u0445 \u043f\u0440\u0438\u043d\u0446\u0438\u043f\u043e\u0432 \u0443\u043f\u0440\u0430\u0432\u043b\u0435\u043d\u0438\u044f \u0440\u0430\u0437\u043c\u0435\u0440\u0430\u043c\u0438 \u0438 \u0440\u0430\u0441\u043f\u0440\u0435\u0434\u0435\u043b\u0435\u043d\u0438\u0435\u043c \u043c\u0435\u0442\u0430\u043b\u043b\u0438\u0447\u0435\u0441\u043a\u0438\u0445 \u0438 \u0431\u0438\u043c\u0435\u0442\u0430\u043b\u043b\u0438\u0447\u0435\u0441\u043a\u0438\u0445 \u043d\u0430\u043d\u043e\u0447\u0430\u0441\u0442\u0438\u0446, \u043f\u043e\u043b\u0443\u0447\u0430\u0435\u043c\u044b\u0445 \u043f\u0440\u0438 \u0440\u0430\u0434\u0438\u0430\u0446\u0438\u043e\u043d\u043d\u043e-\u0445\u0438\u043c\u0438\u0447\u0435\u0441\u043a\u043e\u043c \u0432\u043e\u0441\u0441\u0442\u0430\u043d\u043e\u0432\u043b\u0435\u043d\u0438\u0438 \u0438\u043e\u043d\u043e\u0432 \u043c\u0435\u0442\u0430\u043b\u043b\u043e\u0432 \u0432 \u0432\u043e\u0434\u043d\u043e-\u043f\u043e\u043b\u0438\u043c\u0435\u0440\u043d\u044b\u0445 \u0441\u0438\u0441\u0442\u0435\u043c\u0430\u0445. \u0412 \u0438\u0441\u0441\u043b\u0435\u0434\u043e\u0432\u0430\u043d\u0438\u044f\u0445 \u0438\u0441\u043f\u043e\u043b\u044c\u0437\u0443\u044e\u0442\u0441\u044f [&hellip;]<\/p>\n","protected":false},"author":2,"featured_media":0,"parent":0,"menu_order":0,"comment_status":"closed","ping_status":"closed","template":"","meta":{"footnotes":""},"class_list":["post-333","page","type-page","status-publish","hentry"],"_links":{"self":[{"href":"https:\/\/rad.chem.msu.ru\/wordpress\/index.php?rest_route=\/wp\/v2\/pages\/333","targetHints":{"allow":["GET"]}}],"collection":[{"href":"https:\/\/rad.chem.msu.ru\/wordpress\/index.php?rest_route=\/wp\/v2\/pages"}],"about":[{"href":"https:\/\/rad.chem.msu.ru\/wordpress\/index.php?rest_route=\/wp\/v2\/types\/page"}],"author":[{"embeddable":true,"href":"https:\/\/rad.chem.msu.ru\/wordpress\/index.php?rest_route=\/wp\/v2\/users\/2"}],"replies":[{"embeddable":true,"href":"https:\/\/rad.chem.msu.ru\/wordpress\/index.php?rest_route=%2Fwp%2Fv2%2Fcomments&post=333"}],"version-history":[{"count":1,"href":"https:\/\/rad.chem.msu.ru\/wordpress\/index.php?rest_route=\/wp\/v2\/pages\/333\/revisions"}],"predecessor-version":[{"id":335,"href":"https:\/\/rad.chem.msu.ru\/wordpress\/index.php?rest_route=\/wp\/v2\/pages\/333\/revisions\/335"}],"wp:attachment":[{"href":"https:\/\/rad.chem.msu.ru\/wordpress\/index.php?rest_route=%2Fwp%2Fv2%2Fmedia&parent=333"}],"curies":[{"name":"wp","href":"https:\/\/api.w.org\/{rel}","templated":true}]}}